{"id":2978,"date":"2020-11-01T22:00:17","date_gmt":"2020-11-01T22:00:17","guid":{"rendered":"https:\/\/techpos.pt\/?page_id=2978"},"modified":"2021-06-28T13:19:14","modified_gmt":"2021-06-28T13:19:14","slug":"parceiros","status":"publish","type":"page","link":"https:\/\/techrest.pt\/TechRest\/parceiros\/","title":{"rendered":"Parceiros"},"content":{"rendered":"\t\t<div data-elementor-type=\"wp-page\" data-elementor-id=\"2978\" class=\"elementor elementor-2978\" data-elementor-settings=\"[]\">\n\t\t\t\t\t\t\t<div class=\"elementor-section-wrap\">\n\t\t\t\t\t\t\t<section class=\"elementor-section elementor-top-section elementor-element elementor-element-12d9a1f ot-layout_inline elementor-section-full_width ot-align-center elementor-section-height-default elementor-section-height-default\" data-id=\"12d9a1f\" data-element_type=\"section\">\n\t\t\t\t\t\t<div class=\"elementor-container elementor-column-gap-default\">\n\t\t\t\t\t<div class=\"elementor-column elementor-col-100 elementor-top-column elementor-element elementor-element-e6ac3d9 ot-flex-column-vertical\" data-id=\"e6ac3d9\" data-element_type=\"column\">\n\t\t\t<div class=\"elementor-widget-wrap elementor-element-populated\">\n\t\t\t\t\t\t\t\t<div class=\"elementor-element elementor-element-617dbd2 elementor-widget elementor-widget-spacer\" data-id=\"617dbd2\" data-element_type=\"widget\" data-widget_type=\"spacer.default\">\n\t\t\t\t<div class=\"elementor-widget-container\">\n\t\t\t\t\t<div class=\"elementor-spacer\">\n\t\t\t<div class=\"elementor-spacer-inner\"><\/div>\n\t\t<\/div>\n\t\t\t\t<\/div>\n\t\t\t\t<\/div>\n\t\t\t\t<div class=\"elementor-element elementor-element-1a0cc06 elementor-widget elementor-widget-iheading\" data-id=\"1a0cc06\" data-element_type=\"widget\" data-widget_type=\"iheading.default\">\n\t\t\t\t<div class=\"elementor-widget-container\">\n\t\t\t\t\t<div class=\"ot-heading\">\r\n\t        \t            <span>\/\/ Procura algo exclusivo?<\/span>\r\n\t        <h2 class=\"main-heading\">Sim, porque o Techrest apenas \u00e9 comercializado por empresas Tecnol\u00f3gicas.\n<br>\n<\/h2>\t    <\/div>\r\n\t    \t\t<\/div>\n\t\t\t\t<\/div>\n\t\t\t\t\t<\/div>\n\t\t<\/div>\n\t\t\t\t\t\t\t<\/div>\n\t\t<\/section>\n\t\t\t\t<section class=\"elementor-section elementor-top-section elementor-element elementor-element-d596e8b animated-slow ot-layout_inline elementor-section-boxed elementor-section-height-default elementor-section-height-default\" data-id=\"d596e8b\" data-element_type=\"section\" data-settings=\"{&quot;animation&quot;:&quot;none&quot;,&quot;animation_delay&quot;:0}\">\n\t\t\t\t\t\t<div class=\"elementor-container elementor-column-gap-default\">\n\t\t\t\t\t<div class=\"elementor-column elementor-col-100 elementor-top-column elementor-element elementor-element-07eefa5 ot-flex-column-vertical\" data-id=\"07eefa5\" data-element_type=\"column\">\n\t\t\t<div class=\"elementor-widget-wrap elementor-element-populated\">\n\t\t\t\t\t\t\t\t<div class=\"elementor-element elementor-element-0a8ef7b elementor-widget elementor-widget-isupport_box\" data-id=\"0a8ef7b\" data-element_type=\"widget\" data-settings=\"{&quot;_animation&quot;:&quot;none&quot;}\" data-widget_type=\"isupport_box.default\">\n\t\t\t\t<div class=\"elementor-widget-container\">\n\t\t\t\r\n\t\t<div class=\"support-box\">\r\n\t\t\t<div class=\"inner-box\">\r\n\t\t\t\t<div class=\"overlay flex-middle\">\r\n\t\t\t\t\t<span class=\"number-box\"><\/span>\r\n\t\t\t\t\t<div class=\"inner\">\r\n\t\t\t\t\t\t<p>Quer ser Parceiro TECHREST?\n<BR>\nO seu neg\u00f3cio de IT merece\nmaior rentabilidade?\n<br>\nMargens lucrativas | Rentabilidade cont\u00ednua | Retorno extra com mais servi\u00e7os\n<br>\nTemos uma politica comercial, s\u00e9ria e transparente a todos.<\/p>\r\n\t\t\t\t\t\t<a href=\"#\" class=\"btn-details\"><i class=\"flaticon-right-arrow-1\"><\/i>Direcionamos neg\u00f3cios para os nossos Parceiros<\/a>\r\n\t\t\t\t\t<\/div>\r\n\t\t\t\t<\/div>\r\n\t\t\t\t<div class=\"content-box\">\r\n\t\t\t\t\t<span class=\"number-box\"><\/span>\r\n\t\t\t\t\t<h3>Quer ser Parceiro Techrest?<\/h3>\r\n\t\t\t\t\t<img src=\"https:\/\/techpos.pt\/wp-content\/uploads\/2020\/10\/slider-classic-slide-1-1920x710-1-e1603811935578.jpg\" alt=\"Quer ser Parceiro Techrest?\">\r\n\t\t\t\t<\/div>\r\n\t\t\t<\/div>\r\n\t    <\/div>\r\n\r\n\t    \t\t<\/div>\n\t\t\t\t<\/div>\n\t\t\t\t\t<\/div>\n\t\t<\/div>\n\t\t\t\t\t\t\t<\/div>\n\t\t<\/section>\n\t\t\t\t<section class=\"elementor-section elementor-top-section elementor-element elementor-element-c37dde8 ot-layout_inline ot-align-center elementor-section-boxed elementor-section-height-default elementor-section-height-default\" data-id=\"c37dde8\" data-element_type=\"section\">\n\t\t\t\t\t\t<div class=\"elementor-container elementor-column-gap-default\">\n\t\t\t\t\t<div class=\"elementor-column elementor-col-50 elementor-top-column elementor-element elementor-element-fd1eabe ot-column-items-center ot-flex-column-vertical\" data-id=\"fd1eabe\" data-element_type=\"column\">\n\t\t\t<div class=\"elementor-widget-wrap elementor-element-populated\">\n\t\t\t\t\t\t\t\t<div class=\"elementor-element elementor-element-e836344 elementor-widget elementor-widget-iaccordions\" data-id=\"e836344\" data-element_type=\"widget\" data-widget_type=\"iaccordions.default\">\n\t\t\t\t<div class=\"elementor-widget-container\">\n\t\t\t\r\n\t\t<div class=\"ot-accordions\">\r\n\t\t\t\t\t\t<div class=\"acc-item\">\r\n\t\t\t\t<span class=\"acc-toggle\">A NOSSA MISS\u00c3O <i class=\"down flaticon-download-arrow\"><\/i><i class=\"up flaticon-up-arrow\"><\/i><\/span>\r\n\t\t\t\t<div class=\"acc-content\">\r\n\t\t\t\t\t<p>Prestar um Servi\u00e7o de Excel\u00eancia associado a uma experiencia \u00fanica e procurar, de forma cont\u00ednua e sistem\u00e1tica, satisfazer as necessidades dos nossos parceiros e clientes, superando as suas expectativas, contribuindo dessa forma para a cria\u00e7\u00e3o de valor.<\/p>\t\t\t\t<\/div>\r\n\t\t\t<\/div>\r\n\t\t\t\t\t\t<div class=\"acc-item\">\r\n\t\t\t\t<span class=\"acc-toggle\">A NOSSA VIS\u00c3O <i class=\"down flaticon-download-arrow\"><\/i><i class=\"up flaticon-up-arrow\"><\/i><\/span>\r\n\t\t\t\t<div class=\"acc-content\">\r\n\t\t\t\t\t<p>Estar entre os principais\u00a0<em>players<\/em> do mercado e ser uma refer\u00eancia de excel\u00eancia.<\/p>\t\t\t\t<\/div>\r\n\t\t\t<\/div>\r\n\t\t\t\t\t\t<div class=\"acc-item\">\r\n\t\t\t\t<span class=\"acc-toggle\">RIGOR e COMPET\u00caNCIA <i class=\"down flaticon-download-arrow\"><\/i><i class=\"up flaticon-up-arrow\"><\/i><\/span>\r\n\t\t\t\t<div class=\"acc-content\">\r\n\t\t\t\t\t<p><em>Rigor e compet\u00eancia<\/em> \u2013Procuramos prestar os nossos servi\u00e7os nos mais elevados padr\u00f5es de rigor e perfei\u00e7\u00e3o, respeitando os prazos delineados,<\/p><p><em>Confian\u00e7a, sigilo, confidencialidade<\/em> \u2013Trabalhamos com as empresas dos nossos parceiros como se fossem a nossa empresa.<\/p>\t\t\t\t<\/div>\r\n\t\t\t<\/div>\r\n\t\t\t\t    <\/div>\r\n\r\n\t    \t\t<\/div>\n\t\t\t\t<\/div>\n\t\t\t\t\t<\/div>\n\t\t<\/div>\n\t\t\t\t<div class=\"elementor-column elementor-col-50 elementor-top-column elementor-element elementor-element-feacb20 ot-flex-column-vertical\" data-id=\"feacb20\" data-element_type=\"column\" data-settings=\"{&quot;animation&quot;:&quot;none&quot;}\">\n\t\t\t<div class=\"elementor-widget-wrap elementor-element-populated\">\n\t\t\t\t\t\t\t\t<div class=\"elementor-element elementor-element-a348a53 elementor-widget elementor-widget-shortcode\" data-id=\"a348a53\" data-element_type=\"widget\" data-widget_type=\"shortcode.default\">\n\t\t\t\t<div class=\"elementor-widget-container\">\n\t\t\t\t\t<div class=\"elementor-shortcode\"><div role=\"form\" class=\"wpcf7\" id=\"wpcf7-f2957-o1\" lang=\"en-US\" dir=\"ltr\">\n<div class=\"screen-reader-response\"><p role=\"status\" aria-live=\"polite\" aria-atomic=\"true\"><\/p> <ul><\/ul><\/div>\n<form action=\"\/TechRest\/wp-json\/wp\/v2\/pages\/2978#wpcf7-f2957-o1\" method=\"post\" class=\"wpcf7-form init\" novalidate=\"novalidate\" data-status=\"init\">\n<div style=\"display: none;\">\n<input type=\"hidden\" name=\"_wpcf7\" value=\"2957\" \/>\n<input type=\"hidden\" name=\"_wpcf7_version\" value=\"5.5.3\" \/>\n<input type=\"hidden\" name=\"_wpcf7_locale\" value=\"en_US\" \/>\n<input type=\"hidden\" name=\"_wpcf7_unit_tag\" value=\"wpcf7-f2957-o1\" \/>\n<input type=\"hidden\" name=\"_wpcf7_container_post\" value=\"0\" \/>\n<input type=\"hidden\" name=\"_wpcf7_posted_data_hash\" value=\"\" \/>\n<\/div>\n<div class=\"main-form\">\n<h2>FORMUL\u00c1RIO DE PR\u00c9-CANDIDATURA A PARCEIRO TECHREST<\/h2>\n<p class=\"font14\">A informa\u00e7\u00e3o contida neste formul\u00e1rio \u00e9 estritamente confidencial e apenas para uso interno da Techrest. Campos obrigat\u00f3rios marcados com *<\/p>\n<p><span class=\"wpcf7-form-control-wrap your-name\"><input type=\"text\" name=\"your-name\" value=\"\" size=\"40\" class=\"wpcf7-form-control wpcf7-text wpcf7-validates-as-required\" aria-required=\"true\" aria-invalid=\"false\" placeholder=\"O seu Nome *\" \/><\/span><\/p>\n<p><span class=\"wpcf7-form-control-wrap text-143\"><input type=\"text\" name=\"text-143\" value=\"\" size=\"40\" class=\"wpcf7-form-control wpcf7-text wpcf7-validates-as-required\" aria-required=\"true\" aria-invalid=\"false\" placeholder=\"Nome da Empresa *\" \/><\/span><\/p>\n<p><span class=\"wpcf7-form-control-wrap tel-123\"><input type=\"tel\" name=\"tel-123\" value=\"\" size=\"40\" class=\"wpcf7-form-control wpcf7-text wpcf7-tel wpcf7-validates-as-required wpcf7-validates-as-tel\" aria-required=\"true\" aria-invalid=\"false\" placeholder=\"O seu N.\u00ba telefone *\" \/><\/span>\n<p><span class=\"wpcf7-form-control-wrap text-754\"><input type=\"text\" name=\"text-754\" value=\"\" size=\"40\" class=\"wpcf7-form-control wpcf7-text\" aria-invalid=\"false\" placeholder=\"Localidade *\" \/><\/span>\n<p><span class=\"wpcf7-form-control-wrap text-931\"><input type=\"text\" name=\"text-931\" value=\"\" size=\"40\" class=\"wpcf7-form-control wpcf7-text\" aria-invalid=\"false\" placeholder=\"Site da Empresa\" \/><\/span>\n<p><span class=\"wpcf7-form-control-wrap text-458\"><input type=\"text\" name=\"text-458\" value=\"\" size=\"40\" class=\"wpcf7-form-control wpcf7-text\" aria-invalid=\"false\" placeholder=\"Representa alguma marca de Software?\" \/><\/span>\n<p><span class=\"wpcf7-form-control-wrap your-email\"><input type=\"email\" name=\"your-email\" value=\"\" size=\"40\" class=\"wpcf7-form-control wpcf7-text wpcf7-email wpcf7-validates-as-required wpcf7-validates-as-email\" aria-required=\"true\" aria-invalid=\"false\" placeholder=\"O seu E-mail*\" \/><\/span><\/p>\n<p><span class=\"wpcf7-form-control-wrap your-message\"><textarea name=\"your-message\" cols=\"40\" rows=\"10\" class=\"wpcf7-form-control wpcf7-textarea\" aria-invalid=\"false\" placeholder=\"A sua Mensagem...*\"><\/textarea><\/span><\/p>\n<p><button type=\"submit\" class=\"octf-btn octf-btn-light\">Enviar formul\u00e1rio<\/button><\/p>\n<p><span class=\"wpcf7-form-control-wrap checkbox-576\"><span class=\"wpcf7-form-control wpcf7-checkbox wpcf7-validates-as-required\"><span class=\"wpcf7-list-item first last\"><input type=\"checkbox\" name=\"checkbox-576[]\" value=\"Ao submeter este formul\u00e1rio, est\u00e1 a concordar com o armazenamento e tratamento dos seus dados por parte da TECHREST. Consulte a nossa Pol\u00edtica de Privacidade para saber mais detalhes.\" \/><span class=\"wpcf7-list-item-label\">Ao submeter este formul\u00e1rio, est\u00e1 a concordar com o armazenamento e tratamento dos seus dados por parte da TECHREST. Consulte a nossa Pol\u00edtica de Privacidade para saber mais detalhes.<\/span><\/span><\/span><\/span>\n<\/div>\n<p style=\"display: none !important;\"><label>&#916;<textarea name=\"_wpcf7_ak_hp_textarea\" cols=\"45\" rows=\"8\" maxlength=\"100\"><\/textarea><\/label><input type=\"hidden\" id=\"ak_js\" name=\"_wpcf7_ak_js\" value=\"52\"\/><script>document.getElementById( \"ak_js\" ).setAttribute( \"value\", ( new Date() ).getTime() );<\/script><\/p><div class=\"wpcf7-response-output\" aria-hidden=\"true\"><\/div><\/form><\/div><\/div>\n\t\t\t\t<\/div>\n\t\t\t\t<\/div>\n\t\t\t\t\t<\/div>\n\t\t<\/div>\n\t\t\t\t\t\t\t<\/div>\n\t\t<\/section>\n\t\t\t\t<section class=\"elementor-section elementor-top-section elementor-element elementor-element-b4cf702 elementor-section-full_width ot-traditional elementor-section-height-default elementor-section-height-default\" data-id=\"b4cf702\" data-element_type=\"section\">\n\t\t\t\t\t\t<div class=\"elementor-container elementor-column-gap-default\">\n\t\t\t\t\t<div class=\"elementor-column elementor-col-100 elementor-top-column elementor-element elementor-element-4977c09 ot-flex-column-vertical\" data-id=\"4977c09\" data-element_type=\"column\">\n\t\t\t<div class=\"elementor-widget-wrap elementor-element-populated\">\n\t\t\t\t\t\t\t\t<div class=\"elementor-element elementor-element-a5c5d8b elementor-widget elementor-widget-itestimonials\" data-id=\"a5c5d8b\" data-element_type=\"widget\" data-widget_type=\"itestimonials.default\">\n\t\t\t\t<div class=\"elementor-widget-container\">\n\t\t\t\r\n\t\t<div class=\"ot-testimonials\">\t\t\t\t\t\t\r\n\t\t\t<div class=\"testimonial-inner ot-testimonials-slider\" data-show=\"2\" data-scroll=\"1\" data-dots=\"true\" data-arrow=\"true\">\r\n\t\t\t\t\t\t\t\t<div>\r\n\t\t\t\t\t<div class=\"testi-item\">\r\n\t\t\t\t\t\t<div class=\"layer1\"><\/div>\r\n\t\t\t\t\t\t<div class=\"layer2\">\r\n\t\t\t\t\t\t\t<div class=\"t-head flex-middle\">\r\n\t\t\t\t\t\t\t\t\t\t\t\t\t        \t\t<img src=\"https:\/\/techpos.pt\/wp-content\/uploads\/2020\/03\/product-1-3.jpg\" alt=\"Emilia Clarke\">\r\n\t\t\t\t\t        \t\t\t\t\t\t        \t<div class=\"tinfo\">\r\n\t\t\t\t\t        \t\t<h6>Parceiro<\/h6>\r\n\t\t\t\t\t        \t\t<span>Portugal<\/span>\t\t\t\t\t        \t<\/div>\r\n\t\t\t\t        \t<\/div>\r\n\t\t\t\t\t        <div class=\"ttext\">\r\n\t\t\t\t\t        \t\"Encontrei no Techrest um software que ap\u00f3s instala\u00e7\u00e3o e forma\u00e7\u00e3o, n\u00e3o tenho problemas e os clientes gostam.\"\t\t\t\t\t        <\/div>\r\n\t\t\t\t        <\/div>\r\n\t\t        \t<\/div>\r\n\t\t\t\t<\/div>\r\n\t\t\t\t\t\t\t\t<div>\r\n\t\t\t\t\t<div class=\"testi-item\">\r\n\t\t\t\t\t\t<div class=\"layer1\"><\/div>\r\n\t\t\t\t\t\t<div class=\"layer2\">\r\n\t\t\t\t\t\t\t<div class=\"t-head flex-middle\">\r\n\t\t\t\t\t\t\t\t\t\t\t\t\t        \t\t<img src=\"https:\/\/techpos.pt\/wp-content\/uploads\/2020\/03\/image-banner-home5.png\" alt=\"Emilia Clarke\">\r\n\t\t\t\t\t        \t\t\t\t\t\t        \t<div class=\"tinfo\">\r\n\t\t\t\t\t        \t\t<h6>Parceiro<\/h6>\r\n\t\t\t\t\t        \t\t<span>Portugal<\/span>\t\t\t\t\t        \t<\/div>\r\n\t\t\t\t        \t<\/div>\r\n\t\t\t\t\t        <div class=\"ttext\">\r\n\t\t\t\t\t        \t\"Um software seguro, com chaves prim\u00e1rias, base de dados de log, cloud que funciona, foi uma agrad\u00e1vel surpresa, parab\u00e9ns, contem comigo.\"\t\t\t\t\t        <\/div>\r\n\t\t\t\t        <\/div>\r\n\t\t        \t<\/div>\r\n\t\t\t\t<\/div>\r\n\t\t\t\t\t\t\t\t<div>\r\n\t\t\t\t\t<div class=\"testi-item\">\r\n\t\t\t\t\t\t<div class=\"layer1\"><\/div>\r\n\t\t\t\t\t\t<div class=\"layer2\">\r\n\t\t\t\t\t\t\t<div class=\"t-head flex-middle\">\r\n\t\t\t\t\t\t\t\t\t\t\t\t\t        \t\t<img src=\"https:\/\/techpos.pt\/wp-content\/uploads\/2020\/02\/image2-about.png\" alt=\"Emilia Clarke\">\r\n\t\t\t\t\t        \t\t\t\t\t\t        \t<div class=\"tinfo\">\r\n\t\t\t\t\t        \t\t<h6>Parceiro<\/h6>\r\n\t\t\t\t\t        \t\t<span>Angola<\/span>\t\t\t\t\t        \t<\/div>\r\n\t\t\t\t        \t<\/div>\r\n\t\t\t\t\t        <div class=\"ttext\">\r\n\t\t\t\t\t        \t\"Gosto do que t\u00eam desenvolvido, para n\u00f3s foi muito simples traduzir o software para a \"nossa\" l\u00edngua, poder definir a \"nossa\" moeda no BackOffice e criar os \"nossos\" documentos \u00e9 top.\"\t\t\t\t\t        <\/div>\r\n\t\t\t\t        <\/div>\r\n\t\t        \t<\/div>\r\n\t\t\t\t<\/div>\r\n\t\t\t\t\t\t\t<\/div>\t\t\t\t\r\n\t    <\/div>\r\n\r\n\t    \t\t<\/div>\n\t\t\t\t<\/div>\n\t\t\t\t\t<\/div>\n\t\t<\/div>\n\t\t\t\t\t\t\t<\/div>\n\t\t<\/section>\n\t\t\t\t\t\t<\/div>\n\t\t\t\t\t<\/div>\n\t\t","protected":false},"excerpt":{"rendered":"<p>\/\/ Procura algo exclusivo? Sim, porque o Techrest apenas \u00e9 comercializado por empresas Tecnol\u00f3gicas. Quer ser Parceiro TECHREST? O seu neg\u00f3cio de IT merece maior rentabilidade? Margens lucrativas | Rentabilidade cont\u00ednua | Retorno extra com mais servi\u00e7os Temos uma politica comercial, s\u00e9ria e transparente a todos. Direcionamos neg\u00f3cios para os nossos Parceiros Quer ser Parceiro [&hellip;]<\/p>\n","protected":false},"author":1,"featured_media":0,"parent":0,"menu_order":0,"comment_status":"closed","ping_status":"closed","template":"","meta":[],"_links":{"self":[{"href":"https:\/\/techrest.pt\/TechRest\/wp-json\/wp\/v2\/pages\/2978"}],"collection":[{"href":"https:\/\/techrest.pt\/TechRest\/wp-json\/wp\/v2\/pages"}],"about":[{"href":"https:\/\/techrest.pt\/TechRest\/wp-json\/wp\/v2\/types\/page"}],"author":[{"embeddable":true,"href":"https:\/\/techrest.pt\/TechRest\/wp-json\/wp\/v2\/users\/1"}],"replies":[{"embeddable":true,"href":"https:\/\/techrest.pt\/TechRest\/wp-json\/wp\/v2\/comments?post=2978"}],"version-history":[{"count":51,"href":"https:\/\/techrest.pt\/TechRest\/wp-json\/wp\/v2\/pages\/2978\/revisions"}],"predecessor-version":[{"id":4562,"href":"https:\/\/techrest.pt\/TechRest\/wp-json\/wp\/v2\/pages\/2978\/revisions\/4562"}],"wp:attachment":[{"href":"https:\/\/techrest.pt\/TechRest\/wp-json\/wp\/v2\/media?parent=2978"}],"curies":[{"name":"wp","href":"https:\/\/api.w.org\/{rel}","templated":true}]}}