{"id":2407,"date":"2020-03-06T07:58:00","date_gmt":"2020-03-06T07:58:00","guid":{"rendered":"http:\/\/wpdemo.archiwp.com\/engitech\/?page_id=2407"},"modified":"2021-06-28T14:15:17","modified_gmt":"2021-06-28T14:15:17","slug":"planos","status":"publish","type":"page","link":"https:\/\/techrest.pt\/TechRest\/planos\/","title":{"rendered":"Planos"},"content":{"rendered":"\t\t<div data-elementor-type=\"wp-page\" data-elementor-id=\"2407\" class=\"elementor elementor-2407\" data-elementor-settings=\"[]\">\n\t\t\t\t\t\t\t<div class=\"elementor-section-wrap\">\n\t\t\t\t\t\t\t<section class=\"elementor-section elementor-top-section elementor-element elementor-element-ca00d56 elementor-hidden-tablet elementor-hidden-phone ot-traditional elementor-section-boxed elementor-section-height-default elementor-section-height-default\" data-id=\"ca00d56\" data-element_type=\"section\">\n\t\t\t\t\t\t<div class=\"elementor-container elementor-column-gap-default\">\n\t\t\t\t\t<div class=\"elementor-column elementor-col-100 elementor-top-column elementor-element elementor-element-ffdf0ac ot-flex-column-vertical\" data-id=\"ffdf0ac\" data-element_type=\"column\">\n\t\t\t<div class=\"elementor-widget-wrap elementor-element-populated\">\n\t\t\t\t\t\t\t\t<section class=\"elementor-section elementor-inner-section elementor-element elementor-element-75221f9 elementor-section-full_width elementor-section-content-bottom ot-layout_inline elementor-section-height-default elementor-section-height-default\" data-id=\"75221f9\" data-element_type=\"section\">\n\t\t\t\t\t\t<div class=\"elementor-container elementor-column-gap-default\">\n\t\t\t\t\t<div class=\"elementor-column elementor-col-50 elementor-inner-column elementor-element elementor-element-c1b831a ot-flex-column-vertical\" data-id=\"c1b831a\" data-element_type=\"column\">\n\t\t\t<div class=\"elementor-widget-wrap elementor-element-populated\">\n\t\t\t\t\t\t\t\t<div class=\"elementor-element elementor-element-1b26fd1 elementor-widget__width-initial elementor-widget elementor-widget-iheading\" data-id=\"1b26fd1\" data-element_type=\"widget\" data-widget_type=\"iheading.default\">\n\t\t\t\t<div class=\"elementor-widget-container\">\n\t\t\t\t\t<div class=\"ot-heading\">\r\n\t        \t            <span>\/\/ software certificado AT N.\u00ba 2704<\/span>\r\n\t        <h2 class=\"main-heading\">Diversas solu\u00e7\u00f5es <br>\nnum \u00fanico produto<\/h2>\t    <\/div>\r\n\t    \t\t<\/div>\n\t\t\t\t<\/div>\n\t\t\t\t\t<\/div>\n\t\t<\/div>\n\t\t\t\t<div class=\"elementor-column elementor-col-50 elementor-inner-column elementor-element elementor-element-615e33b ot-flex-column-vertical\" data-id=\"615e33b\" data-element_type=\"column\">\n\t\t\t<div class=\"elementor-widget-wrap elementor-element-populated\">\n\t\t\t\t\t\t\t\t<div class=\"elementor-element elementor-element-83ec4ab elementor-align-right elementor-mobile-align-left elementor-widget__width-initial elementor-widget elementor-widget-ibutton\" data-id=\"83ec4ab\" data-element_type=\"widget\" data-widget_type=\"ibutton.default\">\n\t\t\t\t<div class=\"elementor-widget-container\">\n\t\t\t\t\t<div class=\"ot-button\">\r\n\t\t\t<a href=\"https:\/\/techrest.pt\/TechRest\/contactos\/\" class=\"octf-btn octf-btn-primary\">Solicitar contacto<\/a>\r\n\t    <\/div>\r\n\t    \t\t<\/div>\n\t\t\t\t<\/div>\n\t\t\t\t\t<\/div>\n\t\t<\/div>\n\t\t\t\t\t\t\t<\/div>\n\t\t<\/section>\n\t\t\t\t<section class=\"elementor-section elementor-inner-section elementor-element elementor-element-64da2ad ot-layout_block elementor-section-full_width elementor-section-height-default elementor-section-height-default\" data-id=\"64da2ad\" data-element_type=\"section\">\n\t\t\t\t\t\t<div class=\"elementor-container elementor-column-gap-extended\">\n\t\t\t\t\t<div class=\"elementor-column elementor-col-33 elementor-inner-column elementor-element elementor-element-73d21de ot-flex-column-vertical\" data-id=\"73d21de\" data-element_type=\"column\">\n\t\t\t<div class=\"elementor-widget-wrap elementor-element-populated\">\n\t\t\t\t\t\t\t\t<div class=\"elementor-element elementor-element-2e0b847 elementor-widget elementor-widget-iiconbox2\" data-id=\"2e0b847\" data-element_type=\"widget\" data-widget_type=\"iiconbox2.default\">\n\t\t\t\t<div class=\"elementor-widget-container\">\n\t\t\t\t\t<div class=\"icon-box-s2 s1\">\r\n\t\t\t<div class=\"icon-main\">\r\n\t\t        \t\t\t    \t\t        <span class=\"flaticon-code\"><\/span>\t\t        \t        <\/div>\r\n\t        <div class=\"content-box\">\r\n\t            <h5>M\u00faltiplos dispositivos<\/h5>\r\n\t            <p>Conecte balan\u00e7as, monitores de publicidade, scanners de mesa ou de m\u00e3o, maquinas de pagamento autom\u00e1tico, e muito mais...<\/p>\r\n\t        <\/div>\r\n\t    <\/div>\r\n\t    \t\t<\/div>\n\t\t\t\t<\/div>\n\t\t\t\t<div class=\"elementor-element elementor-element-21df24f elementor-widget elementor-widget-iiconbox2\" data-id=\"21df24f\" data-element_type=\"widget\" data-widget_type=\"iiconbox2.default\">\n\t\t\t\t<div class=\"elementor-widget-container\">\n\t\t\t\t\t<div class=\"icon-box-s2 s1\">\r\n\t\t\t<div class=\"icon-main\">\r\n\t\t        \t\t\t    \t\t        <span class=\"flaticon-browser\"><\/span>\t\t        \t        <\/div>\r\n\t        <div class=\"content-box\">\r\n\t            <h5>API <\/h5>\r\n\t            <p>Com uma API de elevada disponibilidade, pode integrar com outras aplica\u00e7\u00f5es.<\/p>\r\n\t        <\/div>\r\n\t    <\/div>\r\n\t    \t\t<\/div>\n\t\t\t\t<\/div>\n\t\t\t\t\t<\/div>\n\t\t<\/div>\n\t\t\t\t<div class=\"elementor-column elementor-col-33 elementor-inner-column elementor-element elementor-element-58b6f2a ot-flex-column-vertical\" data-id=\"58b6f2a\" data-element_type=\"column\">\n\t\t\t<div class=\"elementor-widget-wrap elementor-element-populated\">\n\t\t\t\t\t\t\t\t<div class=\"elementor-element elementor-element-8e5b4fe elementor-widget elementor-widget-iiconbox2\" data-id=\"8e5b4fe\" data-element_type=\"widget\" data-widget_type=\"iiconbox2.default\">\n\t\t\t\t<div class=\"elementor-widget-container\">\n\t\t\t\t\t<div class=\"icon-box-s2 s1\">\r\n\t\t\t<div class=\"icon-main\">\r\n\t\t        \t\t\t    \t\t        <span class=\"flaticon-report\"><\/span>\t\t        \t        <\/div>\r\n\t        <div class=\"content-box\">\r\n\t            <h5>Portal<\/h5>\r\n\t            <p>No portal encontra tudo o que tem no local, pode criar artigos, fam\u00edlias,  alterar pre\u00e7os, extrair listagens, saft, e muito mais...<\/p>\r\n\t        <\/div>\r\n\t    <\/div>\r\n\t    \t\t<\/div>\n\t\t\t\t<\/div>\n\t\t\t\t<div class=\"elementor-element elementor-element-f72dca4 elementor-widget__width-initial elementor-widget elementor-widget-iiconbox2\" data-id=\"f72dca4\" data-element_type=\"widget\" data-widget_type=\"iiconbox2.default\">\n\t\t\t\t<div class=\"elementor-widget-container\">\n\t\t\t\t\t<div class=\"icon-box-s2 s1\">\r\n\t\t\t<div class=\"icon-main\">\r\n\t\t        \t\t\t    \t\t        <span class=\"flaticon-apple\"><\/span>\t\t        \t        <\/div>\r\n\t        <div class=\"content-box\">\r\n\t            <h5>APP IOS e Android<\/h5>\r\n\t            <p>Consulte as vendas no telem\u00f3vel ou no tablet, veja listagens de vendas por dia ou por hora, por fam\u00edlia ou por empregado.<\/p>\r\n\t        <\/div>\r\n\t    <\/div>\r\n\t    \t\t<\/div>\n\t\t\t\t<\/div>\n\t\t\t\t\t<\/div>\n\t\t<\/div>\n\t\t\t\t<div class=\"elementor-column elementor-col-33 elementor-inner-column elementor-element elementor-element-80b173f elementor-hidden-tablet ot-flex-column-vertical\" data-id=\"80b173f\" data-element_type=\"column\">\n\t\t\t<div class=\"elementor-widget-wrap elementor-element-populated\">\n\t\t\t\t\t\t\t\t<div class=\"elementor-element elementor-element-ec9e6d3 elementor-widget elementor-widget-iiconbox2\" data-id=\"ec9e6d3\" data-element_type=\"widget\" data-widget_type=\"iiconbox2.default\">\n\t\t\t\t<div class=\"elementor-widget-container\">\n\t\t\t\t\t<div class=\"icon-box-s2 s1\">\r\n\t\t\t<div class=\"icon-main\">\r\n\t\t        \t\t\t    \t\t        <span class=\"flaticon-commerce-and-shopping\"><\/span>\t\t        \t        <\/div>\r\n\t        <div class=\"content-box\">\r\n\t            <h5>R\u00e1pido e seguro <\/h5>\r\n\t            <p>mais de 300.000 artigos, n\u00e3o \u00e9 problema, com c\u00f3digos de barras,  c\u00f3digos alternativos, v\u00e1rios tipos de pre\u00e7o, e muito mais...<\/p>\r\n\t        <\/div>\r\n\t    <\/div>\r\n\t    \t\t<\/div>\n\t\t\t\t<\/div>\n\t\t\t\t<div class=\"elementor-element elementor-element-34aa3ab elementor-widget elementor-widget-iiconbox2\" data-id=\"34aa3ab\" data-element_type=\"widget\" data-widget_type=\"iiconbox2.default\">\n\t\t\t\t<div class=\"elementor-widget-container\">\n\t\t\t\t\t<div class=\"icon-box-s2 s1\">\r\n\t\t\t<div class=\"icon-main\">\r\n\t\t        \t\t\t    \t\t        <span class=\"flaticon-best\"><\/span>\t\t        \t        <\/div>\r\n\t        <div class=\"content-box\">\r\n\t            <h5>Equipa dedicada<\/h5>\r\n\t            <p>Temos o foco no seu neg\u00f3cio, afinamos neg\u00f3cios, criamos novas fun\u00e7\u00f5es, melhoramos outras, tudo para que tenha uma experiencia \u00fanica.<\/p>\r\n\t        <\/div>\r\n\t    <\/div>\r\n\t    \t\t<\/div>\n\t\t\t\t<\/div>\n\t\t\t\t\t<\/div>\n\t\t<\/div>\n\t\t\t\t\t\t\t<\/div>\n\t\t<\/section>\n\t\t\t\t\t<\/div>\n\t\t<\/div>\n\t\t\t\t\t\t\t<\/div>\n\t\t<\/section>\n\t\t\t\t<section class=\"elementor-section elementor-top-section elementor-element elementor-element-a5c6849 ot-traditional elementor-section-boxed elementor-section-height-default elementor-section-height-default\" data-id=\"a5c6849\" data-element_type=\"section\" data-settings=\"{&quot;background_background&quot;:&quot;classic&quot;}\">\n\t\t\t\t\t\t<div class=\"elementor-container elementor-column-gap-default\">\n\t\t\t\t\t<div class=\"elementor-column elementor-col-100 elementor-top-column elementor-element elementor-element-be0593f ot-flex-column-vertical\" data-id=\"be0593f\" data-element_type=\"column\">\n\t\t\t<div class=\"elementor-widget-wrap elementor-element-populated\">\n\t\t\t\t\t\t\t\t<div class=\"elementor-element elementor-element-d8de838 elementor-widget elementor-widget-iheading\" data-id=\"d8de838\" data-element_type=\"widget\" data-widget_type=\"iheading.default\">\n\t\t\t\t<div class=\"elementor-widget-container\">\n\t\t\t\t\t<div class=\"ot-heading\">\r\n\t        \t            <span>Escolha o tipo de plano<\/span>\r\n\t        <h2 class=\"main-heading\">Planos flex\u00edveis <\/h2>\t    <\/div>\r\n\t    \t\t<\/div>\n\t\t\t\t<\/div>\n\t\t\t\t<div class=\"elementor-element elementor-element-ddd3717 elementor-widget elementor-widget-text-editor\" data-id=\"ddd3717\" data-element_type=\"widget\" data-widget_type=\"text-editor.default\">\n\t\t\t\t<div class=\"elementor-widget-container\">\n\t\t\t\t\t\t\t<p>\u00a0 \u00a0Ajudamos as empresas a elevar o seu valor por meio do desenvolvimento de software personalizado, com uma cloud de elevado desempenho, controle de\u00a0 \u00a0qualidade e servi\u00e7os de consultoria.<\/p>\t\t\t\t\t\t<\/div>\n\t\t\t\t<\/div>\n\t\t\t\t<section class=\"elementor-section elementor-inner-section elementor-element elementor-element-bd3f857 elementor-section-full_width ot-traditional elementor-section-height-default elementor-section-height-default\" data-id=\"bd3f857\" data-element_type=\"section\">\n\t\t\t\t\t\t<div class=\"elementor-container elementor-column-gap-extended\">\n\t\t\t\t\t<div class=\"elementor-column elementor-col-33 elementor-inner-column elementor-element elementor-element-47e5444 ot-flex-column-vertical\" data-id=\"47e5444\" data-element_type=\"column\">\n\t\t\t<div class=\"elementor-widget-wrap elementor-element-populated\">\n\t\t\t\t\t\t\t\t<div class=\"elementor-element elementor-element-5504315 elementor-widget elementor-widget-ipricingtable\" data-id=\"5504315\" data-element_type=\"widget\" data-widget_type=\"ipricingtable.default\">\n\t\t\t\t<div class=\"elementor-widget-container\">\n\t\t\t\r\n\t\t<div class=\"ot-pricing-table\">\r\n\t\t\t\t\t\t\t<div class=\"icon-main\">\r\n\t\t\t\t\t\t\t\t    \t\t\t        \t<span class=\"flaticon-laptop\"><\/span>\t\t\t\t<\/div>\r\n\t\t\t\t\t\t<div class=\"inner-table\">\r\n\t\t\t\t<h4 class=\"title-table\">Solo<\/h4>\r\n\t\t\t\t<h2><\/h2>\r\n\t\t\t\t<span>Subscri\u00e7\u00e3o: Mensal ou Anual<\/span>\r\n\t\t\t\t<div class=\"details \"><ul>\n<li class=\"active\">1 Posto<\/li>\n<li class=\"active\">Sincroniza\u00e7\u00e3o<\/li>\n<li class=\"active\">Portal na Cloud<\/li>\n<li class=\"active\">Atualiza\u00e7\u00f5es<\/li>\n<li>Multi posto<\/li>\n<li>X64<\/li>\n<li>Monitor de cozinha<\/li>\n<li>PDA\u00b4s \/ Tablets<\/li>\n<li>Assist\u00eancia t\u00e9cnica<\/li>\n<br>\n<\/br>\n<br>\n<\/br>\n\n\n<\/ul><\/div>\r\n\t\t\t\t<a href=\"https:\/\/techrest.pt\/TechRest\/contactos\/\" class=\"octf-btn\">Contacte-nos<\/a>\r\n\t\t\t<\/div>\r\n\t\t<\/div>\r\n\r\n\t    \t\t<\/div>\n\t\t\t\t<\/div>\n\t\t\t\t\t<\/div>\n\t\t<\/div>\n\t\t\t\t<div class=\"elementor-column elementor-col-33 elementor-inner-column elementor-element elementor-element-31042a4 ot-flex-column-vertical\" data-id=\"31042a4\" data-element_type=\"column\">\n\t\t\t<div class=\"elementor-widget-wrap elementor-element-populated\">\n\t\t\t\t\t\t\t\t<div class=\"elementor-element elementor-element-5950727 elementor-widget elementor-widget-ipricingtable\" data-id=\"5950727\" data-element_type=\"widget\" data-widget_type=\"ipricingtable.default\">\n\t\t\t\t<div class=\"elementor-widget-container\">\n\t\t\t\r\n\t\t<div class=\"ot-pricing-table\">\r\n\t\t\t\t\t\t\t<div class=\"icon-main\">\r\n\t\t\t\t\t\t\t\t    \t\t\t        \t<span class=\"flaticon-report\"><\/span>\t\t\t\t<\/div>\r\n\t\t\t\t\t\t<div class=\"inner-table\">\r\n\t\t\t\t<h4 class=\"title-table\">DUO<\/h4>\r\n\t\t\t\t<h2><\/h2>\r\n\t\t\t\t<span>Subscri\u00e7\u00e3o: Mensal ou Anual<\/span>\r\n\t\t\t\t<div class=\"details \"><ul>\n<li class=\"active\">At\u00e9 2 Postos<\/li>\n<li class=\"active\">Sincroniza\u00e7\u00e3o<\/li>\n<li class=\"active\">Portal na Cloud<\/li>\n<li class=\"active\">Atualiza\u00e7\u00f5es<\/li>\n<li class=\"active\">Multi Posto<\/li>\n<li class=\"active\">X64*<\/li>\n<li class=\"active\">Monitor de cozinha*<\/li>\n<li class=\"active\">PDA\u00b4s \/ Tablets*<\/li>\n<li>Assist\u00eancia t\u00e9cnica<\/li>\n * Apenas pode escolher uma destas op\u00e7\u00f5es\n<br>\n<p>\n<\/p>\n<\/br>\n<\/ul><\/div>\r\n\t\t\t\t<a href=\"https:\/\/techrest.pt\/TechRest\/contactos\/\" class=\"octf-btn\">contacte-nos<\/a>\r\n\t\t\t<\/div>\r\n\t\t<\/div>\r\n\r\n\t    \t\t<\/div>\n\t\t\t\t<\/div>\n\t\t\t\t\t<\/div>\n\t\t<\/div>\n\t\t\t\t<div class=\"elementor-column elementor-col-33 elementor-inner-column elementor-element elementor-element-c0f62f5 ot-flex-column-vertical\" data-id=\"c0f62f5\" data-element_type=\"column\">\n\t\t\t<div class=\"elementor-widget-wrap elementor-element-populated\">\n\t\t\t\t\t\t\t\t<div class=\"elementor-element elementor-element-8d963e2 elementor-widget elementor-widget-ipricingtable\" data-id=\"8d963e2\" data-element_type=\"widget\" data-widget_type=\"ipricingtable.default\">\n\t\t\t\t<div class=\"elementor-widget-container\">\n\t\t\t\r\n\t\t<div class=\"ot-pricing-table\">\r\n\t\t\t\t\t\t\t<div class=\"icon-main\">\r\n\t\t\t\t\t\t\t\t    \t\t\t        \t<span class=\"flaticon-star\"><\/span>\t\t\t\t<\/div>\r\n\t\t\t\t\t\t<div class=\"inner-table\">\r\n\t\t\t\t<h4 class=\"title-table\">Unlimited<\/h4>\r\n\t\t\t\t<h2><\/h2>\r\n\t\t\t\t<span>Subscri\u00e7\u00e3o: Mensal ou Anual<\/span>\r\n\t\t\t\t<div class=\"details \"><ul>\n<li class=\"active\">At\u00e9 99 Postos<\/li>\n<li class=\"active\">Sincroniza\u00e7\u00e3o<\/li>\n<li class=\"active\">Portal na Cloud<\/li>\n<li class=\"active\">Atualiza\u00e7\u00f5es<\/li>\n<li class=\"active\">Multi posto<\/li>\n<li class=\"active\">X64<\/li>\n<li class=\"active\">Monitor de cozinha<\/li>\n<li class=\"active\">PDA\u00b4s \/ Tablets<\/li>\n<li>Assist\u00eancia t\u00e9cnica<\/li>\n<br>\n<\/br>\n<br>\n<\/br>\n\n\n<\/ul><\/div>\r\n\t\t\t\t<a href=\"https:\/\/techrest.pt\/TechRest\/contactos\/\" class=\"octf-btn\">contacte-nos<\/a>\r\n\t\t\t<\/div>\r\n\t\t<\/div>\r\n\r\n\t    \t\t<\/div>\n\t\t\t\t<\/div>\n\t\t\t\t\t<\/div>\n\t\t<\/div>\n\t\t\t\t\t\t\t<\/div>\n\t\t<\/section>\n\t\t\t\t\t<\/div>\n\t\t<\/div>\n\t\t\t\t\t\t\t<\/div>\n\t\t<\/section>\n\t\t\t\t<section class=\"elementor-section elementor-top-section elementor-element elementor-element-73be24f elementor-section-full_width ot-traditional elementor-section-height-default elementor-section-height-default\" data-id=\"73be24f\" data-element_type=\"section\" data-settings=\"{&quot;background_background&quot;:&quot;classic&quot;}\">\n\t\t\t\t\t\t<div class=\"elementor-container elementor-column-gap-default\">\n\t\t\t\t\t<div class=\"elementor-column elementor-col-100 elementor-top-column elementor-element elementor-element-127b13e ot-flex-column-vertical\" data-id=\"127b13e\" data-element_type=\"column\">\n\t\t\t<div class=\"elementor-widget-wrap elementor-element-populated\">\n\t\t\t\t\t\t\t\t<div class=\"elementor-element elementor-element-ca0ae35 elementor-widget elementor-widget-heading\" data-id=\"ca0ae35\" data-element_type=\"widget\" data-widget_type=\"heading.default\">\n\t\t\t\t<div class=\"elementor-widget-container\">\n\t\t\t<p class=\"elementor-heading-title elementor-size-default\">Coloque a sua quest\u00e3o! Estamos aqui para responder as suas quest\u00f5es 24\/7<\/p>\t\t<\/div>\n\t\t\t\t<\/div>\n\t\t\t\t<div class=\"elementor-element elementor-element-ed367a6 elementor-widget elementor-widget-heading\" data-id=\"ed367a6\" data-element_type=\"widget\" data-widget_type=\"heading.default\">\n\t\t\t\t<div class=\"elementor-widget-container\">\n\t\t\t<h2 class=\"elementor-heading-title elementor-size-default\">PRECISA DE UM CONSULTOR?<\/h2>\t\t<\/div>\n\t\t\t\t<\/div>\n\t\t\t\t<div class=\"elementor-element elementor-element-f08a21a elementor-align-center elementor-widget elementor-widget-ibutton\" data-id=\"f08a21a\" data-element_type=\"widget\" data-widget_type=\"ibutton.default\">\n\t\t\t\t<div class=\"elementor-widget-container\">\n\t\t\t\t\t<div class=\"ot-button\">\r\n\t\t\t<a href=\"https:\/\/techrest.pt\/TechRest\/contactos\/\" class=\"octf-btn octf-btn-primary\">solicitar contacto<\/a>\r\n\t    <\/div>\r\n\t    \t\t<\/div>\n\t\t\t\t<\/div>\n\t\t\t\t\t<\/div>\n\t\t<\/div>\n\t\t\t\t\t\t\t<\/div>\n\t\t<\/section>\n\t\t\t\t<section class=\"elementor-section elementor-top-section elementor-element elementor-element-1426178 ot-traditional elementor-section-boxed elementor-section-height-default elementor-section-height-default\" data-id=\"1426178\" data-element_type=\"section\" data-settings=\"{&quot;background_background&quot;:&quot;classic&quot;}\">\n\t\t\t\t\t\t<div class=\"elementor-container elementor-column-gap-default\">\n\t\t\t\t\t<div class=\"elementor-column elementor-col-100 elementor-top-column elementor-element elementor-element-ad7ea32 ot-flex-column-vertical\" data-id=\"ad7ea32\" data-element_type=\"column\">\n\t\t\t<div class=\"elementor-widget-wrap elementor-element-populated\">\n\t\t\t\t\t\t\t\t<div class=\"elementor-element elementor-element-9d6f6c4 elementor-widget elementor-widget-iheading\" data-id=\"9d6f6c4\" data-element_type=\"widget\" data-widget_type=\"iheading.default\">\n\t\t\t\t<div class=\"elementor-widget-container\">\n\t\t\t\t\t<div class=\"ot-heading\">\r\n\t        \t            <span>Clientes Techrest<\/span>\r\n\t        <h2 class=\"main-heading\">Estamos presentes em <br>\n4 Pa\u00edses e 2 Continentes.<\/h2>\t    <\/div>\r\n\t    \t\t<\/div>\n\t\t\t\t<\/div>\n\t\t\t\t<div class=\"elementor-element elementor-element-6cde24b elementor-widget elementor-widget-itestimonials\" data-id=\"6cde24b\" data-element_type=\"widget\" data-widget_type=\"itestimonials.default\">\n\t\t\t\t<div class=\"elementor-widget-container\">\n\t\t\t\r\n\t\t<div class=\"ot-testimonials\">\t\t\t\t\t\t\r\n\t\t\t<div class=\"testimonial-inner ot-testimonials-slider\" data-show=\"2\" data-scroll=\"1\" data-dots=\"true\" data-arrow=\"true\">\r\n\t\t\t\t\t\t\t\t<div>\r\n\t\t\t\t\t<div class=\"testi-item\">\r\n\t\t\t\t\t\t<div class=\"layer1\"><\/div>\r\n\t\t\t\t\t\t<div class=\"layer2\">\r\n\t\t\t\t\t\t\t<div class=\"t-head flex-middle\">\r\n\t\t\t\t\t\t\t\t\t\t\t\t\t        \t\t<img src=\"https:\/\/techrest.pt\/TechRest\/wp-content\/uploads\/2021\/05\/maneldosfrangos.jpg\" alt=\"Emilia Clarke\">\r\n\t\t\t\t\t        \t\t\t\t\t\t        \t<div class=\"tinfo\">\r\n\t\t\t\t\t        \t\t<h6>O Manel dos Frangos<\/h6>\r\n\t\t\t\t\t        \t\t<span>Cliente Techrest<\/span>\t\t\t\t\t        \t<\/div>\r\n\t\t\t\t        \t<\/div>\r\n\t\t\t\t\t        <div class=\"ttext\">\r\n\t\t\t\t\t        \t\"Techrest deu velocidade ao meu neg\u00f3cio, acompanho a evolu\u00e7\u00e3o das vendas atrav\u00e9s do telem\u00f3vel, n\u00e3o me preocupo com o SAFT, comunica em tempo real.\"\t\t\t\t\t        <\/div>\r\n\t\t\t\t        <\/div>\r\n\t\t        \t<\/div>\r\n\t\t\t\t<\/div>\r\n\t\t\t\t\t\t\t\t<div>\r\n\t\t\t\t\t<div class=\"testi-item\">\r\n\t\t\t\t\t\t<div class=\"layer1\"><\/div>\r\n\t\t\t\t\t\t<div class=\"layer2\">\r\n\t\t\t\t\t\t\t<div class=\"t-head flex-middle\">\r\n\t\t\t\t\t\t\t\t\t\t\t\t\t        \t\t<img src=\"https:\/\/techrest.pt\/TechRest\/wp-content\/uploads\/2021\/05\/grelhadotimanel.png\" alt=\"Emilia Clarke\">\r\n\t\t\t\t\t        \t\t\t\t\t\t        \t<div class=\"tinfo\">\r\n\t\t\t\t\t        \t\t<h6>A Grelha do Ti-Manel<\/h6>\r\n\t\t\t\t\t        \t\t<span>Cliente Techrest<\/span>\t\t\t\t\t        \t<\/div>\r\n\t\t\t\t        \t<\/div>\r\n\t\t\t\t\t        <div class=\"ttext\">\r\n\t\t\t\t\t        \t\"Temos uma solu\u00e7\u00e3o est\u00e1vel que nos permite faturar, criar as guias por cliente, criando depois uma fatura com todas as guias e fechando as mesmas, sem erros !\"\t\t\t\t\t        <\/div>\r\n\t\t\t\t        <\/div>\r\n\t\t        \t<\/div>\r\n\t\t\t\t<\/div>\r\n\t\t\t\t\t\t\t\t<div>\r\n\t\t\t\t\t<div class=\"testi-item\">\r\n\t\t\t\t\t\t<div class=\"layer1\"><\/div>\r\n\t\t\t\t\t\t<div class=\"layer2\">\r\n\t\t\t\t\t\t\t<div class=\"t-head flex-middle\">\r\n\t\t\t\t\t\t\t\t\t\t\t\t\t        \t\t<img src=\"https:\/\/techrest.pt\/TechRest\/wp-content\/uploads\/2021\/05\/ribeirinho.png\" alt=\"Emilia Clarke\">\r\n\t\t\t\t\t        \t\t\t\t\t\t        \t<div class=\"tinfo\">\r\n\t\t\t\t\t        \t\t<h6>O Ribeirinho<\/h6>\r\n\t\t\t\t\t        \t\t<span>Cliente Techrest<\/span>\t\t\t\t\t        \t<\/div>\r\n\t\t\t\t        \t<\/div>\r\n\t\t\t\t\t        <div class=\"ttext\">\r\n\t\t\t\t\t        \t\"Temos um software f\u00e1cil de usar, com a seguran\u00e7a que gostar\u00edamos atrav\u00e9s de backups autom\u00e1ticos, crio e edito artigos na cloud, imprimimos de forma simples em tal\u00e3o ou em A4, recomendo.\"\t\t\t\t\t        <\/div>\r\n\t\t\t\t        <\/div>\r\n\t\t        \t<\/div>\r\n\t\t\t\t<\/div>\r\n\t\t\t\t\t\t\t\t<div>\r\n\t\t\t\t\t<div class=\"testi-item\">\r\n\t\t\t\t\t\t<div class=\"layer1\"><\/div>\r\n\t\t\t\t\t\t<div class=\"layer2\">\r\n\t\t\t\t\t\t\t<div class=\"t-head flex-middle\">\r\n\t\t\t\t\t\t\t\t\t\t\t\t\t        \t\t<img src=\"https:\/\/techrest.pt\/TechRest\/wp-content\/uploads\/2021\/05\/costa-doce.jpg\" alt=\"Emilia Clarke\">\r\n\t\t\t\t\t        \t\t\t\t\t\t        \t<div class=\"tinfo\">\r\n\t\t\t\t\t        \t\t<h6>Costa Doce<\/h6>\r\n\t\t\t\t\t        \t\t<span>Cliente Techrest<\/span>\t\t\t\t\t        \t<\/div>\r\n\t\t\t\t        \t<\/div>\r\n\t\t\t\t\t        <div class=\"ttext\">\r\n\t\t\t\t\t        \t\"Acabaram os nossos problemas com os envios de invent\u00e1rios a AT, 320.000 artigos, c\u00f3digos de barras, etiquetas personalizadas com a composi\u00e7\u00e3o dos artigos. R\u00e1pido e seguro!\"\t\t\t\t\t        <\/div>\r\n\t\t\t\t        <\/div>\r\n\t\t        \t<\/div>\r\n\t\t\t\t<\/div>\r\n\t\t\t\t\t\t\t\t<div>\r\n\t\t\t\t\t<div class=\"testi-item\">\r\n\t\t\t\t\t\t<div class=\"layer1\"><\/div>\r\n\t\t\t\t\t\t<div class=\"layer2\">\r\n\t\t\t\t\t\t\t<div class=\"t-head flex-middle\">\r\n\t\t\t\t\t\t\t\t\t\t\t\t\t        \t\t<img src=\"https:\/\/techrest.pt\/TechRest\/wp-content\/uploads\/2021\/05\/sapori-di-gelato.jpg\" alt=\"\">\r\n\t\t\t\t\t        \t\t\t\t\t\t        \t<div class=\"tinfo\">\r\n\t\t\t\t\t        \t\t<h6>Sapori di Gelato<\/h6>\r\n\t\t\t\t\t        \t\t<span>Cliente Techrest<\/span>\t\t\t\t\t        \t<\/div>\r\n\t\t\t\t        \t<\/div>\r\n\t\t\t\t\t        <div class=\"ttext\">\r\n\t\t\t\t\t        \tSolu\u00e7\u00e3o all in one: POS + Balan\u00e7as de check out + modulo parafarm\u00e1cia. Sem necessidade de mais complica\u00e7\u00f5es.\t\t\t\t\t        <\/div>\r\n\t\t\t\t        <\/div>\r\n\t\t        \t<\/div>\r\n\t\t\t\t<\/div>\r\n\t\t\t\t\t\t\t\t<div>\r\n\t\t\t\t\t<div class=\"testi-item\">\r\n\t\t\t\t\t\t<div class=\"layer1\"><\/div>\r\n\t\t\t\t\t\t<div class=\"layer2\">\r\n\t\t\t\t\t\t\t<div class=\"t-head flex-middle\">\r\n\t\t\t\t\t\t\t\t\t\t\t\t\t        \t\t<img src=\"https:\/\/techrest.pt\/TechRest\/wp-content\/uploads\/2021\/05\/ruina.jpg\" alt=\"\">\r\n\t\t\t\t\t        \t\t\t\t\t\t        \t<div class=\"tinfo\">\r\n\t\t\t\t\t        \t\t<h6>A Ruina<\/h6>\r\n\t\t\t\t\t        \t\t<span>Cliente Techrest<\/span>\t\t\t\t\t        \t<\/div>\r\n\t\t\t\t        \t<\/div>\r\n\t\t\t\t\t        <div class=\"ttext\">\r\n\t\t\t\t\t        \toewkd\t\t\t\t\t        <\/div>\r\n\t\t\t\t        <\/div>\r\n\t\t        \t<\/div>\r\n\t\t\t\t<\/div>\r\n\t\t\t\t\t\t\t\t<div>\r\n\t\t\t\t\t<div class=\"testi-item\">\r\n\t\t\t\t\t\t<div class=\"layer1\"><\/div>\r\n\t\t\t\t\t\t<div class=\"layer2\">\r\n\t\t\t\t\t\t\t<div class=\"t-head flex-middle\">\r\n\t\t\t\t\t\t\t\t\t\t\t\t\t        \t\t<img src=\"https:\/\/techrest.pt\/TechRest\/wp-content\/uploads\/2021\/05\/verde.minho_.png\" alt=\"\">\r\n\t\t\t\t\t        \t\t\t\t\t\t        \t<div class=\"tinfo\">\r\n\t\t\t\t\t        \t\t<h6>Verde Minho<\/h6>\r\n\t\t\t\t\t        \t\t<span>Cliente Techrest<\/span>\t\t\t\t\t        \t<\/div>\r\n\t\t\t\t        \t<\/div>\r\n\t\t\t\t\t        <div class=\"ttext\">\r\n\t\t\t\t\t        \tafddfa\t\t\t\t\t        <\/div>\r\n\t\t\t\t        <\/div>\r\n\t\t        \t<\/div>\r\n\t\t\t\t<\/div>\r\n\t\t\t\t\t\t\t<\/div>\t\t\t\t\r\n\t    <\/div>\r\n\r\n\t    \t\t<\/div>\n\t\t\t\t<\/div>\n\t\t\t\t\t<\/div>\n\t\t<\/div>\n\t\t\t\t\t\t\t<\/div>\n\t\t<\/section>\n\t\t\t\t\t\t<\/div>\n\t\t\t\t\t<\/div>\n\t\t","protected":false},"excerpt":{"rendered":"<p>\/\/ software certificado AT N.\u00ba 2704 Diversas solu\u00e7\u00f5es num \u00fanico produto Solicitar contacto M\u00faltiplos dispositivos Conecte balan\u00e7as, monitores de publicidade, scanners de mesa ou de m\u00e3o, maquinas de pagamento autom\u00e1tico, e muito mais&#8230; API Com uma API de elevada disponibilidade, pode integrar com outras aplica\u00e7\u00f5es. Portal No portal encontra tudo o que tem no local, [&hellip;]<\/p>\n","protected":false},"author":1,"featured_media":0,"parent":0,"menu_order":0,"comment_status":"closed","ping_status":"closed","template":"","meta":[],"_links":{"self":[{"href":"https:\/\/techrest.pt\/TechRest\/wp-json\/wp\/v2\/pages\/2407"}],"collection":[{"href":"https:\/\/techrest.pt\/TechRest\/wp-json\/wp\/v2\/pages"}],"about":[{"href":"https:\/\/techrest.pt\/TechRest\/wp-json\/wp\/v2\/types\/page"}],"author":[{"embeddable":true,"href":"https:\/\/techrest.pt\/TechRest\/wp-json\/wp\/v2\/users\/1"}],"replies":[{"embeddable":true,"href":"https:\/\/techrest.pt\/TechRest\/wp-json\/wp\/v2\/comments?post=2407"}],"version-history":[{"count":99,"href":"https:\/\/techrest.pt\/TechRest\/wp-json\/wp\/v2\/pages\/2407\/revisions"}],"predecessor-version":[{"id":4588,"href":"https:\/\/techrest.pt\/TechRest\/wp-json\/wp\/v2\/pages\/2407\/revisions\/4588"}],"wp:attachment":[{"href":"https:\/\/techrest.pt\/TechRest\/wp-json\/wp\/v2\/media?parent=2407"}],"curies":[{"name":"wp","href":"https:\/\/api.w.org\/{rel}","templated":true}]}}